{"id":300,"date":"2012-02-01T12:50:23","date_gmt":"2012-02-01T11:50:23","guid":{"rendered":"http:\/\/iow.no-ip.com\/?page_id=300"},"modified":"2012-02-05T11:58:39","modified_gmt":"2012-02-05T10:58:39","slug":"faq-arg","status":"publish","type":"page","link":"https:\/\/www.italiaonwine.net\/?page_id=300","title":{"rendered":"FAQ &#038; ARG"},"content":{"rendered":"<p><strong><em>Q: Da quando \u00e8 online questo sito? E perch\u00e8?<\/em><\/strong><br \/>\nR: Questo sito \u00e8 online dal lontano 1999, praticamente da quando ho acquistato il primo modem &#8220;a carbonella&#8221;, a 14.4 k\/bps. Nel tempo ha subito molte revisioni, nel 2004, nel 2007 e l&#8217;ultima nel febbraio 2012. Che \u00e8 la revisione attuale, basata su WordPress. Come perch\u00e8?<\/p>\n<p><strong>Q: <em>Perch\u00e8 questo sito si chiama www.italiaonwine.net?<\/em><\/strong><br \/>\nR: E&#8217; una lunga e vecchia storia&#8230;<br \/>\nIl nome \u00e8 nato come parodia di <em>ItaliaOnLine<\/em>, uno dei primi provider internet. Ed \u00e8 sopravvissuto ai vari restyling pi\u00f9 per pigrizia che altro.<br \/>\nInizialmente il sito conteneva cazzate e foto (come puoi vedere, se proprio vuoi, consultando le pagine molto molto vecchie), si \u00e8 poi lentamente evoluto fino a diventare ci\u00f2 che \u00e8 attualmente.<\/p>\n<p><strong>Q: <em>Che diavolo contiene?<\/em><\/strong><br \/>\nA: Principalmente il mio blog. La galleria fotografica, pensieri in ordine sparso, perle di stupidit\u00e0 e molto altro ancora. Ma l&#8217;hai visitato?<\/p>\n<p><strong>Q:<em> E tu chi sei?<\/em><\/strong><br \/>\nA: Ma chi? io?<\/p>\n<p><strong>Q: <em>Cosa scrivi nel tuo blog?<\/em><\/strong><br \/>\nA: Quello che mi passa per la testa. Pensieri, riflessioni, deliri, storie di vita quotidiana, infarcite di emozioni&#8230; insomma niente di pi\u00f9 niente di meno di quello che pu\u00f2 capitare nelle giornate di un ordinario supereroe.<\/p>\n<p><strong>Q: <em>Cosa c&#8217;entra il supereroe?<\/em><\/strong><br \/>\nA: E&#8217; anche questa una lunga e vecchia storia&#8230;<\/p>\n<p><strong>Q: <em>Ma tu sei un supereroe?<\/em><\/strong><br \/>\nA: Certo! Mai sentito parlare di Bat Verde?<\/p>\n<p><strong>Q: <em>E tu la conosci la risposta alla domanda fondamentale sulla vita, l&#8217;universo, e tutto quanto?<\/em><\/strong><br \/>\nA: Certo. Ed \u00e8 <em>42<\/em>.<\/p>\n<p><strong>Q: <em>Com&#8217;\u00e8 che ti consideri un supereroe? Non ti sei troppo gasato?<\/em><\/strong><br \/>\nA: Non \u00e8 che ti stai facendo troppe domande?<\/p>\n<p><strong>Q: <em>Dai rispondimi, stronzo! Perch\u00e8 ti consideri un supereroe?<\/em><\/strong><br \/>\nA: Dunque, nel lontano tempo delle medie, un mio compagno di classe (che non conosceva bene l&#8217;inglese) si divertiva a parodiare i nomi e cognomi traducendoli.. ed ecco che &#8220;ma&#8221; \u00e8 diventato &#8220;but&#8221;, poi diventato <em>&#8220;bat&#8221;<\/em>, e &#8220;grin&#8221;, poi &#8220;green&#8221;, \u00e8 diventato<em> &#8220;verde&#8221;<\/em>&#8230;<br \/>\nIn breve, <em>Bat Verde<\/em> \u00e8 diventato il mio soprannome all&#8217;interno della compagnia.<\/p>\n<p><strong>Q: <em>E perch\u00e8 ti consideri un supereroe?<\/em><\/strong><br \/>\nA: Calma, calma. Per me un eroe \u00e8 solamente una persona che riesce a sopravvivere alla vita senza troppi sconquassi. Un <em>&#8220;eroe&#8221;<\/em> \u00e8 una persona che d\u00e0 tutto quello che pu\u00f2 per migliorare, nel suo piccolo, ci\u00f2 che trova attorno a s\u00e8. O che almeno ci prova.<br \/>\nQuindi siamo in un certo senso tutti degli eroi.<\/p>\n<p><strong>Q: <em>Non sono d&#8217;accordo! Sei un gasato!<\/em><\/strong><br \/>\nA: E vabb\u00e8&#8230; \ud83d\ude42<\/p>\n<p><strong>Q: <em>Voglio mandarti al diavolo! Come posso farlo?<\/em><\/strong><br \/>\nA: Se mi incontri per strada sar\u00f2 lieto di farti da bersaglio senza troppi problemi. Se proprio non vuoi alzare il tuo onorevole posteriore dalla sedia, puoi scrivermi a <a title=\"emamobile@gmail.com\" href=\"mailto: emamobile@gmail.com\">emamobile@gmail.com<\/a><\/p>\n<p><strong>Q:<em> Un&#8217;ultima domanda&#8230; cosa diavolo significa F.A.Q.? E A.R.G.?<\/em><\/strong><br \/>\nR: In inglese, rispettivamente <em>Frequently Asked Question<\/em>, e <em>Answers Rarely Given<\/em>!<\/p>\n","protected":false},"excerpt":{"rendered":"<p><strong><em>Q: Da quando \u00e8 online questo sito? E perch\u00e8?<\/em><\/strong><br \/>\nR: Questo sito \u00e8 online dal lontano 1999, praticamente da quando ho acquistato il primo modem &#8220;a carbonella&#8221;, a 14.4 k\/bps. Nel tempo ha subito molte revisioni, nel 2004, nel 2007 e l&#8217;ultima nel febbraio 2012. Che \u00e8 la revisione attuale, basata su WordPress. Come perch\u00e8?<\/p>\n<p><strong>Q: <em>Perch\u00e8 questo sito si chiama www.italiaonwine.net?<\/em><\/strong><br \/>\nR: E&#8217; una lunga e vecchia storia&#8230;<br \/>\nIl nome \u00e8 nato come parodia di <em>ItaliaOnLine<\/em>, uno dei primi provider internet. Ed \u00e8 sopravvissuto ai vari restyling pi\u00f9 per pigrizia che altro.<br \/>\nInizialmente il sito conteneva cazzate e foto (come puoi vedere, se proprio vuoi, consultando le pagine molto molto vecchie), si \u00e8 poi lentamente evoluto fino a diventare ci\u00f2 che \u00e8 attualmente.<\/p>\n<p><strong>Q: <em>Che diavolo contiene?<\/em><\/strong><br \/>\nA: Principalmente il mio blog. La galleria fotografica, pensieri in ordine sparso, perle di stupidit\u00e0 e molto altro ancora. Ma l&#8217;hai visitato?<\/p>\n<p><strong>Q:<em> E tu chi sei?<\/em><\/strong><br \/>\nA: Ma chi? io?<\/p>\n<p><strong>Q: <em>Cosa scrivi nel tuo blog?<\/em><\/strong><br \/>\nA: Quello che mi passa per la testa. Pensieri, riflessioni, deliri, storie di vita quotidiana, infarcite di emozioni&#8230; insomma niente di pi\u00f9 niente di meno di quello che pu\u00f2 capitare nelle giornate di un ordinario supereroe.<\/p>\n<p><strong>Q: <em>Cosa c&#8217;entra il supereroe?<\/em><\/strong><br \/>\nA: E&#8217; anche questa una lunga e vecchia storia&#8230;<\/p>\n<p><strong>Q: <em>Ma tu sei un supereroe?<\/em><\/strong><br \/>\nA: Certo! Mai sentito parlare di Bat Verde?<\/p>\n<p><strong>Q: <em>E tu la conosci la risposta alla domanda fondamentale sulla vita, l&#8217;universo, e tutto quanto?<\/em><\/strong><br \/>\nA: Certo. Ed \u00e8 <em>42<\/em>.<\/p>\n<p><strong>Q: <em>Com&#8217;\u00e8 che ti consideri un supereroe? Non ti sei troppo gasato?<\/em><\/strong><br \/>\nA: Non \u00e8 che ti stai facendo troppe domande?<\/p>\n<p><strong>Q: <em>Dai rispondimi, stronzo! Perch\u00e8 ti consideri un supereroe?<\/em><\/strong><br \/>\nA: Dunque, nel lontano tempo delle medie, un mio compagno di classe (che non conosceva bene l&#8217;inglese) si divertiva a parodiare i nomi e cognomi traducendoli.. ed ecco che &#8220;ma&#8221; \u00e8 diventato &#8220;but&#8221;, poi diventato <em>&#8220;bat&#8221;<\/em>, e &#8220;grin&#8221;, poi &#8220;green&#8221;, \u00e8 diventato<em> &#8220;verde&#8221;<\/em>&#8230;<br \/>\nIn breve, <em>Bat Verde<\/em> \u00e8 diventato il mio soprannome all&#8217;interno della compagnia.<\/p>\n<p><strong>Q: <em>E perch\u00e8 ti consideri un supereroe?<\/em><\/strong><br \/>\nA: Calma, calma. Per me un eroe \u00e8 solamente una persona che riesce a sopravvivere alla vita senza troppi sconquassi. Un <em>&#8220;eroe&#8221;<\/em> \u00e8 una persona che d\u00e0 tutto quello che pu\u00f2 per migliorare, nel suo piccolo, ci\u00f2 che trova attorno a s\u00e8. O che almeno ci prova.<br \/>\nQuindi siamo in un certo senso tutti degli eroi.<\/p>\n<p><strong>Q: <em>Non sono d&#8217;accordo! Sei un gasato!<\/em><\/strong><br \/>\nA: E vabb\u00e8&#8230; \ud83d\ude42<\/p>\n<p><strong>Q: <em>Voglio mandarti al diavolo! Come posso farlo?<\/em><\/strong><br \/>\nA: Se mi incontri per strada sar\u00f2 lieto di farti da bersaglio senza troppi problemi. Se proprio non vuoi alzare il tuo onorevole posteriore dalla sedia, puoi scrivermi a <a title=\"emamobile@gmail.com\" href=\"mailto: emamobile@gmail.com\">emamobile@gmail.com<\/a><\/p>\n<p><strong>Q:<em> Un&#8217;ultima domanda&#8230; cosa diavolo significa F.A.Q.? E A.R.G.?<\/em><\/strong><br \/>\nR: In inglese, rispettivamente <em>Frequently Asked Question<\/em>, e <em>Answers Rarely Given<\/em>!<\/p>\n","protected":false},"author":1,"featured_media":0,"parent":0,"menu_order":0,"comment_status":"closed","ping_status":"closed","template":"","meta":{"footnotes":""},"_links":{"self":[{"href":"https:\/\/www.italiaonwine.net\/index.php?rest_route=\/wp\/v2\/pages\/300"}],"collection":[{"href":"https:\/\/www.italiaonwine.net\/index.php?rest_route=\/wp\/v2\/pages"}],"about":[{"href":"https:\/\/www.italiaonwine.net\/index.php?rest_route=\/wp\/v2\/types\/page"}],"author":[{"embeddable":true,"href":"https:\/\/www.italiaonwine.net\/index.php?rest_route=\/wp\/v2\/users\/1"}],"replies":[{"embeddable":true,"href":"https:\/\/www.italiaonwine.net\/index.php?rest_route=%2Fwp%2Fv2%2Fcomments&post=300"}],"version-history":[{"count":7,"href":"https:\/\/www.italiaonwine.net\/index.php?rest_route=\/wp\/v2\/pages\/300\/revisions"}],"predecessor-version":[{"id":339,"href":"https:\/\/www.italiaonwine.net\/index.php?rest_route=\/wp\/v2\/pages\/300\/revisions\/339"}],"wp:attachment":[{"href":"https:\/\/www.italiaonwine.net\/index.php?rest_route=%2Fwp%2Fv2%2Fmedia&parent=300"}],"curies":[{"name":"wp","href":"https:\/\/api.w.org\/{rel}","templated":true}]}}