{"id":274,"date":"2006-01-06T14:11:16","date_gmt":"2006-01-06T13:11:16","guid":{"rendered":"http:\/\/iowtest.sytes.net\/?p=274"},"modified":"2012-02-05T11:40:51","modified_gmt":"2012-02-05T10:40:51","slug":"dai-anche-tu-un-soprannome-a-superbryce","status":"publish","type":"page","link":"https:\/\/www.italiaonwine.net\/?page_id=274","title":{"rendered":"Dai anche tu un soprannome a SUPERBRYCE!"},"content":{"rendered":"<p>Da oggi inizia il nuovo concorso a premi&#8230;<br \/>\n[h1]Dai anche tu un soprannome a SUPERBRYCE![\/h1]<\/p>\n<p>Prologo: bryce, il cui vero nome (ma che ormai nessuno usa) \u00e8 ENRICO, \u00e8 uno dei personaggi della compagnia&#8230;<br \/>\n<img src=images\/bryce1.jpg popup=true\/><br \/>\na dire il vero una delle colonne portanti&#8230;<br \/>\n<img src=images\/bryce2.jpg popup=false\/><br \/>\nma la sua particolarit\u00e0, oltre al fisico bestiale e alla supervelocit\u00e0 (campione del mondo dei 15 metri piani) \u00e8 il fatto di avere un numero inverosimile di soprannomi, praticamente tutti usati.<br \/>\nPer ora ne abbiamo catalogati appena 55. Ma sappiamo che dovrebbero essere oltre CENTO!<br \/>\n<img src=images\/bryce3.jpg popup=true\/><br \/>\n&#8230; e questi sono quelli che abbiamo per ora:<strong><br \/>\n&#8211; Bryce<br \/>\n&#8211; Bratz<br \/>\n&#8211; Bratzlyn<br \/>\n&#8211; Brasonil<br \/>\n&#8211; Lasonil<br \/>\n&#8211; Leroy<br \/>\n&#8211; Brizziolo<br \/>\n&#8211; Lion<br \/>\n&#8211; Re Artu&#039;<br \/>\n&#8211; Generale Falco<br \/>\n&#8211; Trizio<br \/>\n&#8211; Un pettorale per amico<br \/>\n&#8211; Bicio<br \/>\n&#8211; Brisio<br \/>\n&#8211; Laser<br \/>\n&#8211; L&#039;omo<br \/>\n&#8211; Fabrizio<br \/>\n&#8211; Brasolo<br \/>\n&#8211; Glutei d&#039;oro<br \/>\n&#8211; Super Bryce<br \/>\n&#8211; Il lentista<br \/>\n&#8211; Chechi Juri<br \/>\n&#8211; Il signore degli anelli<br \/>\n&#8211; Gimli<br \/>\n&#8211; Briziolandia<br \/>\n&#8211; El pube de oro<br \/>\n&#8211; Scuola imperiale di Cento<br \/>\n&#8211; Pixel<br \/>\n&#8211; Mega pixel<br \/>\n&#8211; Lord le roi<br \/>\n&#8211; Red brizio<br \/>\n&#8211; Bruce<br \/>\n&#8211; Brandy<br \/>\n&#8211; Fast Brizio<br \/>\n&#8211; Bresaolo<br \/>\n&#8211; Sbrodolo<br \/>\n&#8211; Briciolo<br \/>\n&#8211; Lionheart<br \/>\n&#8211; Achille pi\u00e8 veloce<br \/>\n&#8211; Bred &amp; Breakfast<br \/>\n&#8211; David gnomo<br \/>\n&#8211; Braaz<br \/>\n&#8211; Brac<br \/>\n&#8211; L&#039;uomo diavolo<br \/>\n&#8211; Fabrix matrix<br \/>\n&#8211; Briziox<br \/>\n&#8211; Patrizio<br \/>\n&#8211; Brasettoni<br \/>\n&#8211; Bricipite<br \/>\n&#8211; Benji Bryce<br \/>\n&#8211; Aslan<br \/>\n&#8211; Re Bryce il magnifico<br \/>\n&#8211; Letizio<br \/>\n&#8211; Rocco Bryce<br \/>\n&#8211; Rogo Bryce<br \/>\n&#8211; Ice Bryce<br \/>\n&#8211; EuroBrico<br \/>\n&#8211; Memory Bryce<br \/>\n&#8211; Skype Sbryce<br \/>\n&#8211; Microsoft Bryce<br \/>\n&#8211; Open Brizio<br \/>\n&#8211; Fratrizio<br \/>\n<\/strong><br \/>\nForza dai! non farlo aspettare! DAI ANCHE TU <strong>UN NUOVO SOPRANNOME A BRYCE!<\/strong><br \/>\n<img src=images\/bryce4.jpg popup=false\/><br \/>\nE parteciperai anche tu al fantastico concorso VINCI I GLUTEI D&#039;ORO E IL PETTORALE AMICO DI BRYCE!<br \/>\nAggiungi un COMMENTO alla notizia [url=http:\/\/iow.no-ip.com\/index.php?entry=entry060106-144101]http:\/\/iow.no-ip.com\/index.php?entry=entry060106-144101[\/url] o manda una email a [url=mailto:ema@iow.no-ip.com]ema@iow.no-ip.com[\/url]. Sar\u00e0 inserito tra questi e cos\u00ec annuncierai al mondo come TU preferisci chiamare Re Art\u00f9!!<\/p>\n","protected":false},"excerpt":{"rendered":"<p>Da oggi inizia il nuovo concorso a premi&#8230;<br \/>\n[h1]Dai anche tu un soprannome a SUPERBRYCE![\/h1]<\/p>\n<p>Prologo: bryce, il cui vero nome (ma che ormai nessuno usa) \u00e8 ENRICO, \u00e8 uno dei personaggi della compagnia&#8230;<br \/>\n<img src=images\/bryce1.jpg popup=true\/><br \/>\na dire il vero una delle colonne portanti&#8230;<br \/>\n<img src=images\/bryce2.jpg popup=false\/><br \/>\nma la sua particolarit\u00e0, oltre al fisico bestiale e alla supervelocit\u00e0 (campione del mondo dei 15 metri piani) \u00e8 il fatto di avere un numero inverosimile di soprannomi, praticamente tutti usati.<br \/>\nPer ora ne abbiamo catalogati appena 55. Ma sappiamo che dovrebbero essere oltre CENTO!<br \/>\n<img src=images\/bryce3.jpg popup=true\/><br \/>\n&#8230; e questi sono quelli che abbiamo per ora:<strong><br \/>\n&#8211; Bryce<br \/>\n&#8211; Bratz<br \/>\n&#8211; Bratzlyn<br \/>\n&#8211; Brasonil<br \/>\n&#8211; Lasonil<br \/>\n&#8211; Leroy<br \/>\n&#8211; Brizziolo<br \/>\n&#8211; Lion<br \/>\n&#8211; Re Artu&#039;<br \/>\n&#8211; Generale Falco<br \/>\n&#8211; Trizio<br \/>\n&#8211; Un pettorale per amico<br \/>\n&#8211; Bicio<br \/>\n&#8211; Brisio<br \/>\n&#8211; Laser<br \/>\n&#8211; L&#039;omo<br \/>\n&#8211; Fabrizio<br \/>\n&#8211; Brasolo<br \/>\n&#8211; Glutei d&#039;oro<br \/>\n&#8211; Super Bryce<br \/>\n&#8211; Il lentista<br \/>\n&#8211; Chechi Juri<br \/>\n&#8211; Il signore degli anelli<br \/>\n&#8211; Gimli<br \/>\n&#8211; Briziolandia<br \/>\n&#8211; El pube de oro<br \/>\n&#8211; Scuola imperiale di Cento<br \/>\n&#8211; Pixel<br \/>\n&#8211; Mega pixel<br \/>\n&#8211; Lord le roi<br \/>\n&#8211; Red brizio<br \/>\n&#8211; Bruce<br \/>\n&#8211; Brandy<br \/>\n&#8211; Fast Brizio<br \/>\n&#8211; Bresaolo<br \/>\n&#8211; Sbrodolo<br \/>\n&#8211; Briciolo<br \/>\n&#8211; Lionheart<br \/>\n&#8211; Achille pi\u00e8 veloce<br \/>\n&#8211; Bred &amp; Breakfast<br \/>\n&#8211; David gnomo<br \/>\n&#8211; Braaz<br \/>\n&#8211; Brac<br \/>\n&#8211; L&#039;uomo diavolo<br \/>\n&#8211; Fabrix matrix<br \/>\n&#8211; Briziox<br \/>\n&#8211; Patrizio<br \/>\n&#8211; Brasettoni<br \/>\n&#8211; Bricipite<br \/>\n&#8211; Benji Bryce<br \/>\n&#8211; Aslan<br \/>\n&#8211; Re Bryce il magnifico<br \/>\n&#8211; Letizio<br \/>\n&#8211; Rocco Bryce<br \/>\n&#8211; Rogo Bryce<br \/>\n&#8211; Ice Bryce<br \/>\n&#8211; EuroBrico<br \/>\n&#8211; Memory Bryce<br \/>\n&#8211; Skype Sbryce<br \/>\n&#8211; Microsoft Bryce<br \/>\n&#8211; Open Brizio<br \/>\n&#8211; Fratrizio<br \/>\n<\/strong><br \/>\nForza dai! non farlo aspettare! DAI ANCHE TU <strong>UN NUOVO SOPRANNOME A BRYCE!<\/strong><br \/>\n<img src=images\/bryce4.jpg popup=false\/><br \/>\nE parteciperai anche tu al fantastico concorso VINCI I GLUTEI D&#039;ORO E IL PETTORALE AMICO DI BRYCE!<br \/>\nAggiungi un COMMENTO alla notizia [url=http:\/\/iow.no-ip.com\/index.php?entry=entry060106-144101]http:\/\/iow.no-ip.com\/index.php?entry=entry060106-144101[\/url] o manda una email a [url=mailto:ema@iow.no-ip.com]ema@iow.no-ip.com[\/url]. Sar\u00e0 inserito tra questi e cos\u00ec annuncierai al mondo come TU preferisci chiamare Re Art\u00f9!!<\/p>\n","protected":false},"author":1,"featured_media":0,"parent":334,"menu_order":0,"comment_status":"closed","ping_status":"closed","template":"","meta":{"footnotes":""},"_links":{"self":[{"href":"https:\/\/www.italiaonwine.net\/index.php?rest_route=\/wp\/v2\/pages\/274"}],"collection":[{"href":"https:\/\/www.italiaonwine.net\/index.php?rest_route=\/wp\/v2\/pages"}],"about":[{"href":"https:\/\/www.italiaonwine.net\/index.php?rest_route=\/wp\/v2\/types\/page"}],"author":[{"embeddable":true,"href":"https:\/\/www.italiaonwine.net\/index.php?rest_route=\/wp\/v2\/users\/1"}],"replies":[{"embeddable":true,"href":"https:\/\/www.italiaonwine.net\/index.php?rest_route=%2Fwp%2Fv2%2Fcomments&post=274"}],"version-history":[{"count":7,"href":"https:\/\/www.italiaonwine.net\/index.php?rest_route=\/wp\/v2\/pages\/274\/revisions"}],"predecessor-version":[{"id":360,"href":"https:\/\/www.italiaonwine.net\/index.php?rest_route=\/wp\/v2\/pages\/274\/revisions\/360"}],"up":[{"embeddable":true,"href":"https:\/\/www.italiaonwine.net\/index.php?rest_route=\/wp\/v2\/pages\/334"}],"wp:attachment":[{"href":"https:\/\/www.italiaonwine.net\/index.php?rest_route=%2Fwp%2Fv2%2Fmedia&parent=274"}],"curies":[{"name":"wp","href":"https:\/\/api.w.org\/{rel}","templated":true}]}}