{"id":2,"date":"2012-01-29T11:52:49","date_gmt":"2012-01-29T10:52:49","guid":{"rendered":"http:\/\/iowtest.sytes.net\/?page_id=2"},"modified":"2012-02-19T19:12:49","modified_gmt":"2012-02-19T18:12:49","slug":"info","status":"publish","type":"page","link":"https:\/\/www.italiaonwine.net\/?page_id=2","title":{"rendered":"Presentazione"},"content":{"rendered":"<blockquote>\n<p style=\"text-align: justify;\">Ho iniziato a scrivere qui una decina di anni fa. Ed \u00e8 strano, a distanza di tutto questo tempo, rivedere ancora una volta la struttura di tutto il sito, rileggermi com&#8217;ero da ventenne e ripercorrere le tracce di un cammino.<br \/>\nVedere che si, avevo iniziato a scrivere per bisogno di comunicare, al mondo ma soprattutto a me stesso.<br \/>\nUna sorta di autoanalisi. Per capire chi ero, per trovare la strada che mi avrebbe permesso di realizzarmi. E visto il punto da cui partivo, non poteva che migliorare.<br \/>\nPraticamente tutta la mia <strong>seconda vita<\/strong> \u00e8 qui.<br \/>\nMi piace chiamarla seconda vita, perch\u00e8 sono arrivato vicinissimo al burrone e solo in quel momento ho capito che dovevo fare un salto. Ma non gi\u00f9, bens\u00ec proprio in su. Quel salto di qualit\u00e0 che ho avuto l&#8217;opportunit\u00e0 di tentare.<br \/>\nOpportunit\u00e0 che si, sono stato fortunato ad avere, ma che in gran parte ho dovuto crearmi da solo.<br \/>\nOggi, nel 2012, a distanza di dieci anni da quei momenti, mi rendo conto di quanta strada ho fatto. Sentieri che ho disegnato da zero, percorsi che mi hanno fatto diventare una persona che mai avrei pensato di poter essere.<br \/>\nTutti questi anni sono qui. A grandi linee, tutto il percorso. Sicuramente tutti i momenti pi\u00f9 significativi, e tutte le persone speciali incontrate, nel bene e nel male.<br \/>\nEcco cos&#8217;\u00e8 questo blog. Una vita, iniziata nel febbraio 2003. Un percorso di rinascita.<br \/>\nE&#8217; la storia che vorrei potesse vivere, a modo suo, ogni persona che in qualche momento ha sofferto.<br \/>\nE&#8217; la <strong>speranza<\/strong> di poter rinascere, e di scoprire a cosa davvero serve la propria vita.<\/p>\n<\/blockquote>\n<p style=\"text-align: justify;\"><em>Emanuele, classe 1981.<\/em><a href=\"http:\/\/iow.no-ip.com\/wp-content\/uploads\/2012\/01\/me2006.jpg\"><img decoding=\"async\" loading=\"lazy\" class=\"alignright  wp-image-375\" title=\"me2006\" src=\"http:\/\/iow.no-ip.com\/wp-content\/uploads\/2012\/01\/me2006-300x300.jpg\" alt=\"\" width=\"240\" height=\"240\" srcset=\"https:\/\/www.italiaonwine.net\/wp-content\/uploads\/2012\/01\/me2006-300x300.jpg 300w, https:\/\/www.italiaonwine.net\/wp-content\/uploads\/2012\/01\/me2006-150x150.jpg 150w, https:\/\/www.italiaonwine.net\/wp-content\/uploads\/2012\/01\/me2006.jpg 421w\" sizes=\"(max-width: 240px) 100vw, 240px\" \/><\/a><br \/>\n<em>Residente a Cittadella, in provincia di Padova.<\/em><br \/>\n<em>Dopo il liceo ha studiato ingegneria e lavorato per circa tre anni come tecnico e consulente per una azienda informatica. Nel 2006 cambia totalmente percorso. Si iscrive alla facolt\u00e0 di psicologia presso l&#8217;universit\u00e0 di Padova, conseguendo la laurea triennale in psicologia della personalit\u00e0 e delle relazioni interpersonali e, nel 2011, la laurea magistrale in psicologia clinico-dinamica, con votazione 110\/110 e lode.<\/em><br \/>\n<em>Attualmente \u00e8 tirocinante psicologo presso una comunit\u00e0 terapeutica ad alta protezione.<\/em><br \/>\n<em>Socio dell&#8217;Associazione Radioamatori Italiani e volontario di Protezione Civile.<\/em><\/p>\n","protected":false},"excerpt":{"rendered":"<blockquote>\n<p style=\"text-align: justify;\">Ho iniziato a scrivere qui una decina di anni fa. Ed \u00e8 strano, a distanza di tutto questo tempo, rivedere ancora una volta la struttura di tutto il sito, rileggermi com&#8217;ero da ventenne e ripercorrere le tracce di un cammino.<br \/>\nVedere che si, avevo iniziato a scrivere per bisogno di comunicare, al mondo ma soprattutto a me stesso.<br \/>\nUna sorta di autoanalisi. Per capire chi ero, per trovare la strada che mi avrebbe permesso di realizzarmi. E visto il punto da cui partivo, non poteva che migliorare.<br \/>\nPraticamente tutta la mia <strong>seconda vita<\/strong> \u00e8 qui.<br \/>\nMi piace chiamarla seconda vita, perch\u00e8 sono arrivato vicinissimo al burrone e solo in quel momento ho capito che dovevo fare un salto. Ma non gi\u00f9, bens\u00ec proprio in su. Quel salto di qualit\u00e0 che ho avuto l&#8217;opportunit\u00e0 di tentare.<br \/>\nOpportunit\u00e0 che si, sono stato fortunato ad avere, ma che in gran parte ho dovuto crearmi da solo.<br \/>\nOggi, nel 2012, a distanza di dieci anni da quei momenti, mi rendo conto di quanta strada ho fatto. Sentieri che ho disegnato da zero, percorsi che mi hanno fatto diventare una persona che mai avrei pensato di poter essere.<br \/>\nTutti questi anni sono qui. A grandi linee, tutto il percorso. Sicuramente tutti i momenti pi\u00f9 significativi, e tutte le persone speciali incontrate, nel bene e nel male.<br \/>\nEcco cos&#8217;\u00e8 questo blog. Una vita, iniziata nel febbraio 2003. Un percorso di rinascita.<br \/>\nE&#8217; la storia che vorrei potesse vivere, a modo suo, ogni persona che in qualche momento ha sofferto.<br \/>\nE&#8217; la <strong>speranza<\/strong> di poter rinascere, e di scoprire a cosa davvero serve la propria vita.<\/p>\n<\/blockquote>\n<p style=\"text-align: justify;\"><em>Emanuele, classe 1981.<\/em><a href=\"http:\/\/iow.no-ip.com\/wp-content\/uploads\/2012\/01\/me2006.jpg\"><img decoding=\"async\" loading=\"lazy\" class=\"alignright  wp-image-375\" title=\"me2006\" src=\"http:\/\/iow.no-ip.com\/wp-content\/uploads\/2012\/01\/me2006-300x300.jpg\" alt=\"\" width=\"240\" height=\"240\" srcset=\"https:\/\/www.italiaonwine.net\/wp-content\/uploads\/2012\/01\/me2006-300x300.jpg 300w, https:\/\/www.italiaonwine.net\/wp-content\/uploads\/2012\/01\/me2006-150x150.jpg 150w, https:\/\/www.italiaonwine.net\/wp-content\/uploads\/2012\/01\/me2006.jpg 421w\" sizes=\"(max-width: 240px) 100vw, 240px\" \/><\/a><br \/>\n<em>Residente a Cittadella, in provincia di Padova.<\/em><br \/>\n<em>Dopo il liceo ha studiato ingegneria e lavorato per circa tre anni come tecnico e consulente per una azienda informatica. Nel 2006 cambia totalmente percorso. Si iscrive alla facolt\u00e0 di psicologia presso l&#8217;universit\u00e0 di Padova, conseguendo la laurea triennale in psicologia della personalit\u00e0 e delle relazioni interpersonali e, nel 2011, la laurea magistrale in psicologia clinico-dinamica, con votazione 110\/110 e lode.<\/em><br \/>\n<em>Attualmente \u00e8 tirocinante psicologo presso una comunit\u00e0 terapeutica ad alta protezione.<\/em><br \/>\n<em>Socio dell&#8217;Associazione Radioamatori Italiani e volontario di Protezione Civile.<\/em><\/p>\n","protected":false},"author":1,"featured_media":0,"parent":0,"menu_order":0,"comment_status":"closed","ping_status":"closed","template":"","meta":{"footnotes":""},"_links":{"self":[{"href":"https:\/\/www.italiaonwine.net\/index.php?rest_route=\/wp\/v2\/pages\/2"}],"collection":[{"href":"https:\/\/www.italiaonwine.net\/index.php?rest_route=\/wp\/v2\/pages"}],"about":[{"href":"https:\/\/www.italiaonwine.net\/index.php?rest_route=\/wp\/v2\/types\/page"}],"author":[{"embeddable":true,"href":"https:\/\/www.italiaonwine.net\/index.php?rest_route=\/wp\/v2\/users\/1"}],"replies":[{"embeddable":true,"href":"https:\/\/www.italiaonwine.net\/index.php?rest_route=%2Fwp%2Fv2%2Fcomments&post=2"}],"version-history":[{"count":18,"href":"https:\/\/www.italiaonwine.net\/index.php?rest_route=\/wp\/v2\/pages\/2\/revisions"}],"predecessor-version":[{"id":345,"href":"https:\/\/www.italiaonwine.net\/index.php?rest_route=\/wp\/v2\/pages\/2\/revisions\/345"}],"wp:attachment":[{"href":"https:\/\/www.italiaonwine.net\/index.php?rest_route=%2Fwp%2Fv2%2Fmedia&parent=2"}],"curies":[{"name":"wp","href":"https:\/\/api.w.org\/{rel}","templated":true}]}}